{"id":700,"date":"2023-08-26T14:14:35","date_gmt":"2023-08-26T14:14:35","guid":{"rendered":"https:\/\/www.enotopp.com\/?page_id=700"},"modified":"2023-08-26T14:14:37","modified_gmt":"2023-08-26T14:14:37","slug":"refund-policy","status":"publish","type":"page","link":"https:\/\/www.enotopp.com\/it\/politica-di-rimborso\/","title":{"rendered":"Politica di rimborso"},"content":{"rendered":"<p>In caso di insoddisfazione rispetto ai nostri servizi o prodotti, l&#039;acquirente ha la libert\u00e0 di richiederci un rimborso.<\/p>\n\n\n\n<p><strong>La nostra politica per il rimborso sar\u00e0 la seguente:<\/strong><\/p>\n\n\n\n<p>L&#039;acquirente avr\u00e0 diritto a un rimborso del prodotto acquistato secondo i termini della presente politica (&quot;Politica di rimborso&quot;). La Politica di rimborso non sostituir\u00e0 n\u00e9 sostituir\u00e0 la garanzia limitata di ENOTOPP o l&#039;esclusione di responsabilit\u00e0 di tale garanzia contenuta nel Contratto di licenza con l&#039;utente finale di ENOTOPP. La Politica di rimborso \u00e8 applicabile esclusivamente entro i tempi stabiliti nel presente documento e soggetta ai requisiti ivi stabiliti.<\/p>\n\n\n\n<p><strong>POLITICA DI RIMBORSO<\/strong><\/p>\n\n\n\n<p>Prima che la macchina venga prodotta, \u00e8 possibile richiedere un rimborso. Una volta avviata la produzione della macchina, non \u00e8 previsto alcun rimborso.&nbsp;<\/p>\n\n\n\n<p>Inviare una richiesta formale per iscritto inviando un&#039;e-mail a admin@ENOTOPP.com per confermare il rimborso. Se pagato con carta di credito\/carta di debito\/net banking, i rimborsi verranno emessi sulla carta di credito\/carta di debito\/net banking originale fornita al momento dell&#039;acquisto e, in caso di pagamenti tramite gateway di pagamento, il rimborso verr\u00e0 effettuato sullo stesso conto.<br><\/p>","protected":false},"excerpt":{"rendered":"<p>In case of dissatisfaction from our services or products, purchaser has the liberty to request a refund from us. Our Policy for the refund will be as follows: Purchaser shall be eligible for a refund of purchased product according to the terms of this policy (\u201cRefund Policy\u201d). The Refund Policy shall not supersede or replace [&hellip;]<\/p>","protected":false},"author":1,"featured_media":0,"parent":0,"menu_order":0,"comment_status":"closed","ping_status":"closed","template":"","meta":{"site-sidebar-layout":"default","site-content-layout":"","ast-site-content-layout":"default","site-content-style":"default","site-sidebar-style":"default","ast-global-header-display":"","ast-banner-title-visibility":"","ast-main-header-display":"","ast-hfb-above-header-display":"","ast-hfb-below-header-display":"","ast-hfb-mobile-header-display":"","site-post-title":"","ast-breadcrumbs-content":"","ast-featured-img":"","footer-sml-layout":"","ast-disable-related-posts":"","theme-transparent-header-meta":"","adv-header-id-meta":"","stick-header-meta":"","header-above-stick-meta":"","header-main-stick-meta":"","header-below-stick-meta":"","astra-migrate-meta-layouts":"default","ast-page-background-enabled":"default","ast-page-background-meta":{"desktop":{"background-color":"var(--ast-global-color-4)","background-image":"","background-repeat":"repeat","background-position":"center center","background-size":"auto","background-attachment":"scroll","background-type":"","background-media":"","overlay-type":"","overlay-color":"","overlay-opacity":"","overlay-gradient":""},"tablet":{"background-color":"","background-image":"","background-repeat":"repeat","background-position":"center center","background-size":"auto","background-attachment":"scroll","background-type":"","background-media":"","overlay-type":"","overlay-color":"","overlay-opacity":"","overlay-gradient":""},"mobile":{"background-color":"","background-image":"","background-repeat":"repeat","background-position":"center center","background-size":"auto","background-attachment":"scroll","background-type":"","background-media":"","overlay-type":"","overlay-color":"","overlay-opacity":"","overlay-gradient":""}},"ast-content-background-meta":{"desktop":{"background-color":"var(--ast-global-color-5)","background-image":"","background-repeat":"repeat","background-position":"center center","background-size":"auto","background-attachment":"scroll","background-type":"","background-media":"","overlay-type":"","overlay-color":"","overlay-opacity":"","overlay-gradient":""},"tablet":{"background-color":"var(--ast-global-color-5)","background-image":"","background-repeat":"repeat","background-position":"center center","background-size":"auto","background-attachment":"scroll","background-type":"","background-media":"","overlay-type":"","overlay-color":"","overlay-opacity":"","overlay-gradient":""},"mobile":{"background-color":"var(--ast-global-color-5)","background-image":"","background-repeat":"repeat","background-position":"center center","background-size":"auto","background-attachment":"scroll","background-type":"","background-media":"","overlay-type":"","overlay-color":"","overlay-opacity":"","overlay-gradient":""}},"footnotes":""},"class_list":["post-700","page","type-page","status-publish","hentry"],"yoast_head":"<!-- This site is optimized with the Yoast SEO plugin v27.2 - https:\/\/yoast.com\/product\/yoast-seo-wordpress\/ -->\n<title>Refund policy - ENOTOPP<\/title>\n<meta name=\"description\" content=\"refund policy of ENOTOPP. take a look if you have any queries regarding our CNC panel saws, CNC drilling machines and edge banding machines.\" \/>\n<meta name=\"robots\" content=\"noindex, follow, max-snippet:-1, max-image-preview:large, max-video-preview:-1\" \/>\n<meta property=\"og:locale\" content=\"it_IT\" \/>\n<meta property=\"og:type\" content=\"article\" \/>\n<meta property=\"og:title\" content=\"Refund policy - ENOTOPP\" \/>\n<meta property=\"og:description\" content=\"refund policy of ENOTOPP. take a look if you have any queries regarding our CNC panel saws, CNC drilling machines and edge banding machines.\" \/>\n<meta property=\"og:url\" content=\"https:\/\/www.enotopp.com\/it\/politica-di-rimborso\/\" \/>\n<meta property=\"og:site_name\" content=\"ENOTOPP\" \/>\n<meta property=\"article:modified_time\" content=\"2023-08-26T14:14:37+00:00\" \/>\n<meta name=\"twitter:card\" content=\"summary_large_image\" \/>\n<meta name=\"twitter:label1\" content=\"Tempo di lettura stimato\" \/>\n\t<meta name=\"twitter:data1\" content=\"1 minuto\" \/>\n<script type=\"application\/ld+json\" class=\"yoast-schema-graph\">{\"@context\":\"https:\/\/schema.org\",\"@graph\":[{\"@type\":\"WebPage\",\"@id\":\"https:\/\/www.enotopp.com\/refund-policy\/\",\"url\":\"https:\/\/www.enotopp.com\/refund-policy\/\",\"name\":\"Refund policy - ENOTOPP\",\"isPartOf\":{\"@id\":\"https:\/\/www.enotopp.com\/#website\"},\"datePublished\":\"2023-08-26T14:14:35+00:00\",\"dateModified\":\"2023-08-26T14:14:37+00:00\",\"description\":\"refund policy of ENOTOPP. take a look if you have any queries regarding our CNC panel saws, CNC drilling machines and edge banding machines.\",\"breadcrumb\":{\"@id\":\"https:\/\/www.enotopp.com\/refund-policy\/#breadcrumb\"},\"inLanguage\":\"it-IT\",\"potentialAction\":[{\"@type\":\"ReadAction\",\"target\":[\"https:\/\/www.enotopp.com\/refund-policy\/\"]}]},{\"@type\":\"BreadcrumbList\",\"@id\":\"https:\/\/www.enotopp.com\/refund-policy\/#breadcrumb\",\"itemListElement\":[{\"@type\":\"ListItem\",\"position\":1,\"name\":\"Home\",\"item\":\"https:\/\/www.enotopp.com\/\"},{\"@type\":\"ListItem\",\"position\":2,\"name\":\"Refund policy\"}]},{\"@type\":\"WebSite\",\"@id\":\"https:\/\/www.enotopp.com\/#website\",\"url\":\"https:\/\/www.enotopp.com\/\",\"name\":\"ENOTOPP\",\"description\":\"Leading woodworking machinery provider\",\"publisher\":{\"@id\":\"https:\/\/www.enotopp.com\/#organization\"},\"potentialAction\":[{\"@type\":\"SearchAction\",\"target\":{\"@type\":\"EntryPoint\",\"urlTemplate\":\"https:\/\/www.enotopp.com\/?s={search_term_string}\"},\"query-input\":{\"@type\":\"PropertyValueSpecification\",\"valueRequired\":true,\"valueName\":\"search_term_string\"}}],\"inLanguage\":\"it-IT\"},{\"@type\":\"Organization\",\"@id\":\"https:\/\/www.enotopp.com\/#organization\",\"name\":\"ENOTOPP\",\"url\":\"https:\/\/www.enotopp.com\/\",\"logo\":{\"@type\":\"ImageObject\",\"inLanguage\":\"it-IT\",\"@id\":\"https:\/\/www.enotopp.com\/#\/schema\/logo\/image\/\",\"url\":\"https:\/\/www.enotopp.com\/wp-content\/uploads\/2023\/08\/logo-1500.png\",\"contentUrl\":\"https:\/\/www.enotopp.com\/wp-content\/uploads\/2023\/08\/logo-1500.png\",\"width\":1500,\"height\":750,\"caption\":\"ENOTOPP\"},\"image\":{\"@id\":\"https:\/\/www.enotopp.com\/#\/schema\/logo\/image\/\"}}]}<\/script>\n<!-- \/ Yoast SEO plugin. -->","yoast_head_json":{"title":"Refund policy - ENOTOPP","description":"refund policy of ENOTOPP. take a look if you have any queries regarding our CNC panel saws, CNC drilling machines and edge banding machines.","robots":{"index":"noindex","follow":"follow","max-snippet":"max-snippet:-1","max-image-preview":"max-image-preview:large","max-video-preview":"max-video-preview:-1"},"og_locale":"it_IT","og_type":"article","og_title":"Refund policy - ENOTOPP","og_description":"refund policy of ENOTOPP. take a look if you have any queries regarding our CNC panel saws, CNC drilling machines and edge banding machines.","og_url":"https:\/\/www.enotopp.com\/it\/politica-di-rimborso\/","og_site_name":"ENOTOPP","article_modified_time":"2023-08-26T14:14:37+00:00","twitter_card":"summary_large_image","twitter_misc":{"Tempo di lettura stimato":"1 minuto"},"schema":{"@context":"https:\/\/schema.org","@graph":[{"@type":"WebPage","@id":"https:\/\/www.enotopp.com\/refund-policy\/","url":"https:\/\/www.enotopp.com\/refund-policy\/","name":"Refund policy - ENOTOPP","isPartOf":{"@id":"https:\/\/www.enotopp.com\/#website"},"datePublished":"2023-08-26T14:14:35+00:00","dateModified":"2023-08-26T14:14:37+00:00","description":"refund policy of ENOTOPP. take a look if you have any queries regarding our CNC panel saws, CNC drilling machines and edge banding machines.","breadcrumb":{"@id":"https:\/\/www.enotopp.com\/refund-policy\/#breadcrumb"},"inLanguage":"it-IT","potentialAction":[{"@type":"ReadAction","target":["https:\/\/www.enotopp.com\/refund-policy\/"]}]},{"@type":"BreadcrumbList","@id":"https:\/\/www.enotopp.com\/refund-policy\/#breadcrumb","itemListElement":[{"@type":"ListItem","position":1,"name":"Home","item":"https:\/\/www.enotopp.com\/"},{"@type":"ListItem","position":2,"name":"Refund policy"}]},{"@type":"WebSite","@id":"https:\/\/www.enotopp.com\/#website","url":"https:\/\/www.enotopp.com\/","name":"ENOTOPP","description":"Leading woodworking machinery provider","publisher":{"@id":"https:\/\/www.enotopp.com\/#organization"},"potentialAction":[{"@type":"SearchAction","target":{"@type":"EntryPoint","urlTemplate":"https:\/\/www.enotopp.com\/?s={search_term_string}"},"query-input":{"@type":"PropertyValueSpecification","valueRequired":true,"valueName":"search_term_string"}}],"inLanguage":"it-IT"},{"@type":"Organization","@id":"https:\/\/www.enotopp.com\/#organization","name":"ENOTOPP","url":"https:\/\/www.enotopp.com\/","logo":{"@type":"ImageObject","inLanguage":"it-IT","@id":"https:\/\/www.enotopp.com\/#\/schema\/logo\/image\/","url":"https:\/\/www.enotopp.com\/wp-content\/uploads\/2023\/08\/logo-1500.png","contentUrl":"https:\/\/www.enotopp.com\/wp-content\/uploads\/2023\/08\/logo-1500.png","width":1500,"height":750,"caption":"ENOTOPP"},"image":{"@id":"https:\/\/www.enotopp.com\/#\/schema\/logo\/image\/"}}]}},"_links":{"self":[{"href":"https:\/\/www.enotopp.com\/it\/wp-json\/wp\/v2\/pages\/700","targetHints":{"allow":["GET"]}}],"collection":[{"href":"https:\/\/www.enotopp.com\/it\/wp-json\/wp\/v2\/pages"}],"about":[{"href":"https:\/\/www.enotopp.com\/it\/wp-json\/wp\/v2\/types\/page"}],"author":[{"embeddable":true,"href":"https:\/\/www.enotopp.com\/it\/wp-json\/wp\/v2\/users\/1"}],"replies":[{"embeddable":true,"href":"https:\/\/www.enotopp.com\/it\/wp-json\/wp\/v2\/comments?post=700"}],"version-history":[{"count":1,"href":"https:\/\/www.enotopp.com\/it\/wp-json\/wp\/v2\/pages\/700\/revisions"}],"predecessor-version":[{"id":701,"href":"https:\/\/www.enotopp.com\/it\/wp-json\/wp\/v2\/pages\/700\/revisions\/701"}],"wp:attachment":[{"href":"https:\/\/www.enotopp.com\/it\/wp-json\/wp\/v2\/media?parent=700"}],"curies":[{"name":"wp","href":"https:\/\/api.w.org\/{rel}","templated":true}]}}