{"id":700,"date":"2023-08-26T14:14:35","date_gmt":"2023-08-26T14:14:35","guid":{"rendered":"https:\/\/www.enotopp.com\/?page_id=700"},"modified":"2023-08-26T14:14:37","modified_gmt":"2023-08-26T14:14:37","slug":"refund-policy","status":"publish","type":"page","link":"https:\/\/www.enotopp.com\/fr\/politique-de-remboursement\/","title":{"rendered":"Politique de remboursement"},"content":{"rendered":"<p>En cas d&#039;insatisfaction de nos services ou produits, l&#039;acheteur a la libert\u00e9 de nous demander un remboursement.<\/p>\n\n\n\n<p><strong>Notre politique de remboursement sera la suivante\u00a0:<\/strong><\/p>\n\n\n\n<p>L&#039;acheteur aura droit \u00e0 un remboursement du produit achet\u00e9 selon les termes de cette politique (\u00ab\u00a0Politique de remboursement\u00a0\u00bb). La politique de remboursement ne remplace pas la garantie limit\u00e9e d&#039;ENOTOPP ni l&#039;exclusion de cette garantie contenue dans le contrat de licence d&#039;utilisateur final d&#039;ENOTOPP. La politique de remboursement est applicable uniquement dans les d\u00e9lais indiqu\u00e9s dans les pr\u00e9sentes et sous r\u00e9serve des exigences \u00e9nonc\u00e9es dans les pr\u00e9sentes.<\/p>\n\n\n\n<p><strong>POLITIQUE DE REMBOURSEMENT<\/strong><\/p>\n\n\n\n<p>Avant la production de la machine, vous pouvez demander un remboursement. Apr\u00e8s le d\u00e9marrage de la production de la machine, aucun remboursement n&#039;est pris en charge.&nbsp;<\/p>\n\n\n\n<p>Soumettez une demande formelle par \u00e9crit en envoyant un e-mail \u00e0 admin@ENOTOPP.com pour confirmer le remboursement. En cas de paiement par carte de cr\u00e9dit\/carte de d\u00e9bit\/net banking, les remboursements seront effectu\u00e9s sur la carte de cr\u00e9dit\/carte de d\u00e9bit\/net banking d&#039;origine fournie au moment de l&#039;achat, et en cas de paiement par passerelle de paiement, le remboursement sera effectu\u00e9 sur le m\u00eame compte.<br><\/p>","protected":false},"excerpt":{"rendered":"<p>In case of dissatisfaction from our services or products, purchaser has the liberty to request a refund from us. Our Policy for the refund will be as follows: Purchaser shall be eligible for a refund of purchased product according to the terms of this policy (\u201cRefund Policy\u201d). The Refund Policy shall not supersede or replace [&hellip;]<\/p>","protected":false},"author":1,"featured_media":0,"parent":0,"menu_order":0,"comment_status":"closed","ping_status":"closed","template":"","meta":{"site-sidebar-layout":"default","site-content-layout":"","ast-site-content-layout":"default","site-content-style":"default","site-sidebar-style":"default","ast-global-header-display":"","ast-banner-title-visibility":"","ast-main-header-display":"","ast-hfb-above-header-display":"","ast-hfb-below-header-display":"","ast-hfb-mobile-header-display":"","site-post-title":"","ast-breadcrumbs-content":"","ast-featured-img":"","footer-sml-layout":"","ast-disable-related-posts":"","theme-transparent-header-meta":"","adv-header-id-meta":"","stick-header-meta":"","header-above-stick-meta":"","header-main-stick-meta":"","header-below-stick-meta":"","astra-migrate-meta-layouts":"default","ast-page-background-enabled":"default","ast-page-background-meta":{"desktop":{"background-color":"var(--ast-global-color-4)","background-image":"","background-repeat":"repeat","background-position":"center center","background-size":"auto","background-attachment":"scroll","background-type":"","background-media":"","overlay-type":"","overlay-color":"","overlay-opacity":"","overlay-gradient":""},"tablet":{"background-color":"","background-image":"","background-repeat":"repeat","background-position":"center center","background-size":"auto","background-attachment":"scroll","background-type":"","background-media":"","overlay-type":"","overlay-color":"","overlay-opacity":"","overlay-gradient":""},"mobile":{"background-color":"","background-image":"","background-repeat":"repeat","background-position":"center center","background-size":"auto","background-attachment":"scroll","background-type":"","background-media":"","overlay-type":"","overlay-color":"","overlay-opacity":"","overlay-gradient":""}},"ast-content-background-meta":{"desktop":{"background-color":"var(--ast-global-color-5)","background-image":"","background-repeat":"repeat","background-position":"center center","background-size":"auto","background-attachment":"scroll","background-type":"","background-media":"","overlay-type":"","overlay-color":"","overlay-opacity":"","overlay-gradient":""},"tablet":{"background-color":"var(--ast-global-color-5)","background-image":"","background-repeat":"repeat","background-position":"center center","background-size":"auto","background-attachment":"scroll","background-type":"","background-media":"","overlay-type":"","overlay-color":"","overlay-opacity":"","overlay-gradient":""},"mobile":{"background-color":"var(--ast-global-color-5)","background-image":"","background-repeat":"repeat","background-position":"center center","background-size":"auto","background-attachment":"scroll","background-type":"","background-media":"","overlay-type":"","overlay-color":"","overlay-opacity":"","overlay-gradient":""}},"footnotes":""},"class_list":["post-700","page","type-page","status-publish","hentry"],"yoast_head":"<!-- This site is optimized with the Yoast SEO plugin v27.2 - https:\/\/yoast.com\/product\/yoast-seo-wordpress\/ -->\n<title>Refund policy - ENOTOPP<\/title>\n<meta name=\"description\" content=\"refund policy of ENOTOPP. take a look if you have any queries regarding our CNC panel saws, CNC drilling machines and edge banding machines.\" \/>\n<meta name=\"robots\" content=\"noindex, follow, max-snippet:-1, max-image-preview:large, max-video-preview:-1\" \/>\n<meta property=\"og:locale\" content=\"fr_FR\" \/>\n<meta property=\"og:type\" content=\"article\" \/>\n<meta property=\"og:title\" content=\"Refund policy - ENOTOPP\" \/>\n<meta property=\"og:description\" content=\"refund policy of ENOTOPP. take a look if you have any queries regarding our CNC panel saws, CNC drilling machines and edge banding machines.\" \/>\n<meta property=\"og:url\" content=\"https:\/\/www.enotopp.com\/fr\/politique-de-remboursement\/\" \/>\n<meta property=\"og:site_name\" content=\"ENOTOPP\" \/>\n<meta property=\"article:modified_time\" content=\"2023-08-26T14:14:37+00:00\" \/>\n<meta name=\"twitter:card\" content=\"summary_large_image\" \/>\n<meta name=\"twitter:label1\" content=\"Dur\u00e9e de lecture estim\u00e9e\" \/>\n\t<meta name=\"twitter:data1\" content=\"1 minute\" \/>\n<script type=\"application\/ld+json\" class=\"yoast-schema-graph\">{\"@context\":\"https:\/\/schema.org\",\"@graph\":[{\"@type\":\"WebPage\",\"@id\":\"https:\/\/www.enotopp.com\/refund-policy\/\",\"url\":\"https:\/\/www.enotopp.com\/refund-policy\/\",\"name\":\"Refund policy - ENOTOPP\",\"isPartOf\":{\"@id\":\"https:\/\/www.enotopp.com\/#website\"},\"datePublished\":\"2023-08-26T14:14:35+00:00\",\"dateModified\":\"2023-08-26T14:14:37+00:00\",\"description\":\"refund policy of ENOTOPP. take a look if you have any queries regarding our CNC panel saws, CNC drilling machines and edge banding machines.\",\"breadcrumb\":{\"@id\":\"https:\/\/www.enotopp.com\/refund-policy\/#breadcrumb\"},\"inLanguage\":\"fr-FR\",\"potentialAction\":[{\"@type\":\"ReadAction\",\"target\":[\"https:\/\/www.enotopp.com\/refund-policy\/\"]}]},{\"@type\":\"BreadcrumbList\",\"@id\":\"https:\/\/www.enotopp.com\/refund-policy\/#breadcrumb\",\"itemListElement\":[{\"@type\":\"ListItem\",\"position\":1,\"name\":\"Home\",\"item\":\"https:\/\/www.enotopp.com\/\"},{\"@type\":\"ListItem\",\"position\":2,\"name\":\"Refund policy\"}]},{\"@type\":\"WebSite\",\"@id\":\"https:\/\/www.enotopp.com\/#website\",\"url\":\"https:\/\/www.enotopp.com\/\",\"name\":\"ENOTOPP\",\"description\":\"Leading woodworking machinery provider\",\"publisher\":{\"@id\":\"https:\/\/www.enotopp.com\/#organization\"},\"potentialAction\":[{\"@type\":\"SearchAction\",\"target\":{\"@type\":\"EntryPoint\",\"urlTemplate\":\"https:\/\/www.enotopp.com\/?s={search_term_string}\"},\"query-input\":{\"@type\":\"PropertyValueSpecification\",\"valueRequired\":true,\"valueName\":\"search_term_string\"}}],\"inLanguage\":\"fr-FR\"},{\"@type\":\"Organization\",\"@id\":\"https:\/\/www.enotopp.com\/#organization\",\"name\":\"ENOTOPP\",\"url\":\"https:\/\/www.enotopp.com\/\",\"logo\":{\"@type\":\"ImageObject\",\"inLanguage\":\"fr-FR\",\"@id\":\"https:\/\/www.enotopp.com\/#\/schema\/logo\/image\/\",\"url\":\"https:\/\/www.enotopp.com\/wp-content\/uploads\/2023\/08\/logo-1500.png\",\"contentUrl\":\"https:\/\/www.enotopp.com\/wp-content\/uploads\/2023\/08\/logo-1500.png\",\"width\":1500,\"height\":750,\"caption\":\"ENOTOPP\"},\"image\":{\"@id\":\"https:\/\/www.enotopp.com\/#\/schema\/logo\/image\/\"}}]}<\/script>\n<!-- \/ Yoast SEO plugin. -->","yoast_head_json":{"title":"Refund policy - ENOTOPP","description":"refund policy of ENOTOPP. take a look if you have any queries regarding our CNC panel saws, CNC drilling machines and edge banding machines.","robots":{"index":"noindex","follow":"follow","max-snippet":"max-snippet:-1","max-image-preview":"max-image-preview:large","max-video-preview":"max-video-preview:-1"},"og_locale":"fr_FR","og_type":"article","og_title":"Refund policy - ENOTOPP","og_description":"refund policy of ENOTOPP. take a look if you have any queries regarding our CNC panel saws, CNC drilling machines and edge banding machines.","og_url":"https:\/\/www.enotopp.com\/fr\/politique-de-remboursement\/","og_site_name":"ENOTOPP","article_modified_time":"2023-08-26T14:14:37+00:00","twitter_card":"summary_large_image","twitter_misc":{"Dur\u00e9e de lecture estim\u00e9e":"1 minute"},"schema":{"@context":"https:\/\/schema.org","@graph":[{"@type":"WebPage","@id":"https:\/\/www.enotopp.com\/refund-policy\/","url":"https:\/\/www.enotopp.com\/refund-policy\/","name":"Refund policy - ENOTOPP","isPartOf":{"@id":"https:\/\/www.enotopp.com\/#website"},"datePublished":"2023-08-26T14:14:35+00:00","dateModified":"2023-08-26T14:14:37+00:00","description":"refund policy of ENOTOPP. take a look if you have any queries regarding our CNC panel saws, CNC drilling machines and edge banding machines.","breadcrumb":{"@id":"https:\/\/www.enotopp.com\/refund-policy\/#breadcrumb"},"inLanguage":"fr-FR","potentialAction":[{"@type":"ReadAction","target":["https:\/\/www.enotopp.com\/refund-policy\/"]}]},{"@type":"BreadcrumbList","@id":"https:\/\/www.enotopp.com\/refund-policy\/#breadcrumb","itemListElement":[{"@type":"ListItem","position":1,"name":"Home","item":"https:\/\/www.enotopp.com\/"},{"@type":"ListItem","position":2,"name":"Refund policy"}]},{"@type":"WebSite","@id":"https:\/\/www.enotopp.com\/#website","url":"https:\/\/www.enotopp.com\/","name":"ENOTOPP","description":"Leading woodworking machinery provider","publisher":{"@id":"https:\/\/www.enotopp.com\/#organization"},"potentialAction":[{"@type":"SearchAction","target":{"@type":"EntryPoint","urlTemplate":"https:\/\/www.enotopp.com\/?s={search_term_string}"},"query-input":{"@type":"PropertyValueSpecification","valueRequired":true,"valueName":"search_term_string"}}],"inLanguage":"fr-FR"},{"@type":"Organization","@id":"https:\/\/www.enotopp.com\/#organization","name":"ENOTOPP","url":"https:\/\/www.enotopp.com\/","logo":{"@type":"ImageObject","inLanguage":"fr-FR","@id":"https:\/\/www.enotopp.com\/#\/schema\/logo\/image\/","url":"https:\/\/www.enotopp.com\/wp-content\/uploads\/2023\/08\/logo-1500.png","contentUrl":"https:\/\/www.enotopp.com\/wp-content\/uploads\/2023\/08\/logo-1500.png","width":1500,"height":750,"caption":"ENOTOPP"},"image":{"@id":"https:\/\/www.enotopp.com\/#\/schema\/logo\/image\/"}}]}},"_links":{"self":[{"href":"https:\/\/www.enotopp.com\/fr\/wp-json\/wp\/v2\/pages\/700","targetHints":{"allow":["GET"]}}],"collection":[{"href":"https:\/\/www.enotopp.com\/fr\/wp-json\/wp\/v2\/pages"}],"about":[{"href":"https:\/\/www.enotopp.com\/fr\/wp-json\/wp\/v2\/types\/page"}],"author":[{"embeddable":true,"href":"https:\/\/www.enotopp.com\/fr\/wp-json\/wp\/v2\/users\/1"}],"replies":[{"embeddable":true,"href":"https:\/\/www.enotopp.com\/fr\/wp-json\/wp\/v2\/comments?post=700"}],"version-history":[{"count":1,"href":"https:\/\/www.enotopp.com\/fr\/wp-json\/wp\/v2\/pages\/700\/revisions"}],"predecessor-version":[{"id":701,"href":"https:\/\/www.enotopp.com\/fr\/wp-json\/wp\/v2\/pages\/700\/revisions\/701"}],"wp:attachment":[{"href":"https:\/\/www.enotopp.com\/fr\/wp-json\/wp\/v2\/media?parent=700"}],"curies":[{"name":"wp","href":"https:\/\/api.w.org\/{rel}","templated":true}]}}