{"id":29,"date":"2023-08-22T06:20:39","date_gmt":"2023-08-22T06:20:39","guid":{"rendered":"https:\/\/www.enotopp.com\/?page_id=29"},"modified":"2023-08-31T14:43:06","modified_gmt":"2023-08-31T14:43:06","slug":"new-products","status":"publish","type":"page","link":"https:\/\/www.enotopp.com\/fr\/produit\/nouveaux-produits\/","title":{"rendered":"Nouveaux produits"},"content":{"rendered":"<div data-elementor-type=\"wp-page\" data-elementor-id=\"29\" class=\"elementor elementor-29\" data-elementor-post-type=\"page\">\n\t\t\t\t<div class=\"elementor-element elementor-element-4f5732b9 e-flex e-con-boxed e-con e-parent\" data-id=\"4f5732b9\" data-element_type=\"container\" data-e-type=\"container\" data-settings=\"{&quot;background_background&quot;:&quot;classic&quot;}\">\n\t\t\t\t\t<div class=\"e-con-inner\">\n\t\t\t\t<div class=\"elementor-element elementor-element-243e8c90 elementor-widget elementor-widget-heading\" data-id=\"243e8c90\" data-element_type=\"widget\" data-e-type=\"widget\" data-widget_type=\"heading.default\">\n\t\t\t\t<div class=\"elementor-widget-container\">\n\t\t\t\t\t<h2 class=\"elementor-heading-title elementor-size-default\">Nouveaux produits d&#039;ENOTOPP<\/h2>\t\t\t\t<\/div>\n\t\t\t\t<\/div>\n\t\t\t\t\t<\/div>\n\t\t\t\t<\/div>\n\t\t<div class=\"elementor-element elementor-element-6cc60c9d e-flex e-con-boxed e-con e-parent\" data-id=\"6cc60c9d\" data-element_type=\"container\" data-e-type=\"container\" data-settings=\"{&quot;background_background&quot;:&quot;classic&quot;}\">\n\t\t\t\t\t<div class=\"e-con-inner\">\n\t\t\t\t<div class=\"elementor-element elementor-element-2caaf0df elementor-widget elementor-widget-heading\" data-id=\"2caaf0df\" data-element_type=\"widget\" data-e-type=\"widget\" data-widget_type=\"heading.default\">\n\t\t\t\t<div class=\"elementor-widget-container\">\n\t\t\t\t\t<h2 class=\"elementor-heading-title elementor-size-default\">La recherche et le d\u00e9veloppement sont l&#039;exclusivit\u00e9 d&#039;ENOTOPP<\/h2>\t\t\t\t<\/div>\n\t\t\t\t<\/div>\n\t\t\t\t<div class=\"elementor-element elementor-element-2c300ff elementor-widget elementor-widget-text-editor\" data-id=\"2c300ff\" data-element_type=\"widget\" data-e-type=\"widget\" data-widget_type=\"text-editor.default\">\n\t\t\t\t<div class=\"elementor-widget-container\">\n\t\t\t\t\t\t\t\t\t<p>Nous avons plus\u00a0<strong>12<\/strong>\u00a0des ann\u00e9es d&#039;exp\u00e9rience dans la fabrication de machines pour le travail du bois, qui incluent des machines avec des param\u00e8tres normaux (que toutes les autres entreprises peuvent \u00e9galement fabriquer), tandis que notre qualit\u00e9 est toujours plus garantie et constante. Mais cela inclut \u00e9galement de nombreux produits personnalis\u00e9s, que d&#039;autres entreprises n&#039;ont pas la capacit\u00e9 de R&amp;D pour fabriquer.<\/p><p>En outre, nous d\u00e9veloppons continuellement\u00a0<strong>NOUVEAUX PRODUITS<\/strong>. La raison en est que le march\u00e9 \u00e9volue de jour en jour et que les besoins des clients \u00e9voluent en cons\u00e9quence. Il n&#039;y a pas de MEILLEURE machine, mais il y a toujours une\u00a0<strong>MIEUX<\/strong>\u00a0machine. ENOTOPP est\u00a0<strong>prendre les devants<\/strong>\u00a0dans le d\u00e9veloppement de NOUVEAUX PRODUITS sur le march\u00e9.<\/p><p>Restez \u00e0 l&#039;\u00e9coute de nous et restez inform\u00e9 avec des produits plus intelligents, optimis\u00e9s et simples.<\/p>\t\t\t\t\t\t\t\t<\/div>\n\t\t\t\t<\/div>\n\t\t\t\t\t<\/div>\n\t\t\t\t<\/div>\n\t\t<div class=\"elementor-element elementor-element-534599be e-flex e-con-boxed e-con e-parent\" data-id=\"534599be\" data-element_type=\"container\" data-e-type=\"container\">\n\t\t\t\t\t<div class=\"e-con-inner\">\n\t\t\t\t<div class=\"elementor-element elementor-element-5e29766a elementor-widget elementor-widget-spacer\" data-id=\"5e29766a\" data-element_type=\"widget\" data-e-type=\"widget\" data-widget_type=\"spacer.default\">\n\t\t\t\t<div class=\"elementor-widget-container\">\n\t\t\t\t\t\t\t<div class=\"elementor-spacer\">\n\t\t\t<div class=\"elementor-spacer-inner\"><\/div>\n\t\t<\/div>\n\t\t\t\t\t\t<\/div>\n\t\t\t\t<\/div>\n\t\t\t\t<div class=\"elementor-element elementor-element-1b7d0158 elementor-widget elementor-widget-heading\" data-id=\"1b7d0158\" data-element_type=\"widget\" data-e-type=\"widget\" data-widget_type=\"heading.default\">\n\t\t\t\t<div class=\"elementor-widget-container\">\n\t\t\t\t\t<h2 class=\"elementor-heading-title elementor-size-default\">Machines \u00e0 bois nouvellement d\u00e9velopp\u00e9es<\/h2>\t\t\t\t<\/div>\n\t\t\t\t<\/div>\n\t\t\t\t<div class=\"elementor-element elementor-element-775b8b85 elementor-widget elementor-widget-spacer\" data-id=\"775b8b85\" data-element_type=\"widget\" data-e-type=\"widget\" data-widget_type=\"spacer.default\">\n\t\t\t\t<div class=\"elementor-widget-container\">\n\t\t\t\t\t\t\t<div class=\"elementor-spacer\">\n\t\t\t<div class=\"elementor-spacer-inner\"><\/div>\n\t\t<\/div>\n\t\t\t\t\t\t<\/div>\n\t\t\t\t<\/div>\n\t\t\t\t\t<\/div>\n\t\t\t\t<\/div>\n\t\t<div class=\"elementor-element elementor-element-6f0317b2 e-flex e-con-boxed e-con e-parent\" data-id=\"6f0317b2\" data-element_type=\"container\" data-e-type=\"container\">\n\t\t\t\t\t<div class=\"e-con-inner\">\n\t\t\t\t<div class=\"elementor-element elementor-element-20b5134f elementor-grid-4 elementor-grid-tablet-2 elementor-grid-mobile-1 elementor-posts--thumbnail-top elementor-widget elementor-widget-posts\" data-id=\"20b5134f\" data-element_type=\"widget\" data-e-type=\"widget\" data-settings=\"{&quot;classic_columns&quot;:&quot;4&quot;,&quot;classic_columns_tablet&quot;:&quot;2&quot;,&quot;classic_columns_mobile&quot;:&quot;1&quot;,&quot;classic_row_gap&quot;:{&quot;unit&quot;:&quot;px&quot;,&quot;size&quot;:35,&quot;sizes&quot;:[]},&quot;classic_row_gap_tablet&quot;:{&quot;unit&quot;:&quot;px&quot;,&quot;size&quot;:&quot;&quot;,&quot;sizes&quot;:[]},&quot;classic_row_gap_mobile&quot;:{&quot;unit&quot;:&quot;px&quot;,&quot;size&quot;:&quot;&quot;,&quot;sizes&quot;:[]}}\" data-widget_type=\"posts.classic\">\n\t\t\t\t<div class=\"elementor-widget-container\">\n\t\t\t\t\t\t\t<div class=\"elementor-posts-container elementor-posts elementor-posts--skin-classic elementor-grid\" role=\"list\">\n\t\t\t\t<article class=\"elementor-post elementor-grid-item post-768 page type-page status-publish has-post-thumbnail hentry\" role=\"listitem\">\n\t\t\t\t<a class=\"elementor-post__thumbnail__link\" href=\"https:\/\/www.enotopp.com\/fr\/produit\/centre-de-forage\/aleseuse-enotopp-cnc-7-lignes-pour-production-massive-a-vendre\/\" tabindex=\"-1\" target=\"&quot;_blank&quot;\">\n\t\t\t<div class=\"elementor-post__thumbnail\"><img fetchpriority=\"high\" decoding=\"async\" width=\"750\" height=\"500\" src=\"https:\/\/www.enotopp.com\/wp-content\/uploads\/2023\/08\/Line-drill.jpg\" class=\"attachment-medium_large size-medium_large wp-image-770\" alt=\"lignes de forage\" srcset=\"https:\/\/www.enotopp.com\/wp-content\/uploads\/2023\/08\/Line-drill.jpg 750w, https:\/\/www.enotopp.com\/wp-content\/uploads\/2023\/08\/Line-drill-300x200.jpg 300w\" sizes=\"(max-width: 750px) 100vw, 750px\" \/><\/div>\n\t\t<\/a>\n\t\t\t\t<div class=\"elementor-post__text\">\n\t\t\t\t<h3 class=\"elementor-post__title\">\n\t\t\t<a href=\"https:\/\/www.enotopp.com\/fr\/produit\/centre-de-forage\/aleseuse-enotopp-cnc-7-lignes-pour-production-massive-a-vendre\/\" target=\"&quot;_blank&quot;\">\n\t\t\t\tAl\u00e9seuse ENOTOPP CNC 7 lignes pour production massive \u00e0 vendre\t\t\t<\/a>\n\t\t<\/h3>\n\t\t\t\t<\/div>\n\t\t\t\t<\/article>\n\t\t\t\t<article class=\"elementor-post elementor-grid-item post-561 page type-page status-publish has-post-thumbnail hentry\" role=\"listitem\">\n\t\t\t\t<a class=\"elementor-post__thumbnail__link\" href=\"https:\/\/www.enotopp.com\/fr\/produit\/nouveaux-produits\/scie-a-faisceau-dordinateur-cnc-entierement-servo-nouvelle-generation-2023-a-vendre\/\" tabindex=\"-1\" target=\"&quot;_blank&quot;\">\n\t\t\t<div class=\"elementor-post__thumbnail\"><img decoding=\"async\" width=\"750\" height=\"500\" src=\"https:\/\/www.enotopp.com\/wp-content\/uploads\/2023\/08\/\u65b0\u54c1-\u5168\u6570\u63a7\u5168\u4f3a\u670d.jpg\" class=\"attachment-medium_large size-medium_large wp-image-564\" alt=\"scie CNC nouvelle g\u00e9n\u00e9ration\" srcset=\"https:\/\/www.enotopp.com\/wp-content\/uploads\/2023\/08\/\u65b0\u54c1-\u5168\u6570\u63a7\u5168\u4f3a\u670d.jpg 750w, https:\/\/www.enotopp.com\/wp-content\/uploads\/2023\/08\/\u65b0\u54c1-\u5168\u6570\u63a7\u5168\u4f3a\u670d-300x200.jpg 300w\" sizes=\"(max-width: 750px) 100vw, 750px\" \/><\/div>\n\t\t<\/a>\n\t\t\t\t<div class=\"elementor-post__text\">\n\t\t\t\t<h3 class=\"elementor-post__title\">\n\t\t\t<a href=\"https:\/\/www.enotopp.com\/fr\/produit\/nouveaux-produits\/scie-a-faisceau-dordinateur-cnc-entierement-servo-nouvelle-generation-2023-a-vendre\/\" target=\"&quot;_blank&quot;\">\n\t\t\t\tScie \u00e0 faisceau d&#039;ordinateur CNC enti\u00e8rement servo de nouvelle g\u00e9n\u00e9ration 2023 \u00e0 vendre\t\t\t<\/a>\n\t\t<\/h3>\n\t\t\t\t<\/div>\n\t\t\t\t<\/article>\n\t\t\t\t<\/div>\n\t\t\n\t\t\t\t\t\t<\/div>\n\t\t\t\t<\/div>\n\t\t\t\t\t<\/div>\n\t\t\t\t<\/div>\n\t\t<div class=\"elementor-element elementor-element-2331e41 e-flex e-con-boxed e-con e-parent\" data-id=\"2331e41\" data-element_type=\"container\" data-e-type=\"container\">\n\t\t\t\t\t<div class=\"e-con-inner\">\n\t\t\t\t<div class=\"elementor-element elementor-element-529ee4d elementor-widget elementor-widget-spacer\" data-id=\"529ee4d\" data-element_type=\"widget\" data-e-type=\"widget\" data-widget_type=\"spacer.default\">\n\t\t\t\t<div class=\"elementor-widget-container\">\n\t\t\t\t\t\t\t<div class=\"elementor-spacer\">\n\t\t\t<div class=\"elementor-spacer-inner\"><\/div>\n\t\t<\/div>\n\t\t\t\t\t\t<\/div>\n\t\t\t\t<\/div>\n\t\t\t\t\t<\/div>\n\t\t\t\t<\/div>\n\t\t<div class=\"elementor-element elementor-element-81fb47b e-flex e-con-boxed e-con e-parent\" data-id=\"81fb47b\" data-element_type=\"container\" data-e-type=\"container\" data-settings=\"{&quot;background_background&quot;:&quot;classic&quot;}\">\n\t\t\t\t\t<div class=\"e-con-inner\">\n\t\t<div class=\"elementor-element elementor-element-57106ca0 e-con-full e-flex e-con e-parent\" data-id=\"57106ca0\" data-element_type=\"container\" data-e-type=\"container\" data-settings=\"{&quot;background_background&quot;:&quot;classic&quot;}\">\n\t\t\t\t<div class=\"elementor-element elementor-element-149bfc1 elementor-widget elementor-widget-heading\" data-id=\"149bfc1\" data-element_type=\"widget\" data-e-type=\"widget\" data-widget_type=\"heading.default\">\n\t\t\t\t<div class=\"elementor-widget-container\">\n\t\t\t\t\t<h2 class=\"elementor-heading-title elementor-size-default\">Contactez-nous<\/h2>\t\t\t\t<\/div>\n\t\t\t\t<\/div>\n\t\t\t\t<div class=\"elementor-element elementor-element-80e266d elementor-widget-mobile__width-initial elementor-widget elementor-widget-heading\" data-id=\"80e266d\" data-element_type=\"widget\" data-e-type=\"widget\" data-widget_type=\"heading.default\">\n\t\t\t\t<div class=\"elementor-widget-container\">\n\t\t\t\t\t<p class=\"elementor-heading-title elementor-size-default\">Nous serions ravis de parler avec vous.<br>N&#039;h\u00e9sitez pas \u00e0 nous contacter en utilisant les d\u00e9tails ci-contre.<\/p>\t\t\t\t<\/div>\n\t\t\t\t<\/div>\n\t\t\t\t<\/div>\n\t\t<div class=\"elementor-element elementor-element-927e985 e-con-full e-flex e-con e-parent\" data-id=\"927e985\" data-element_type=\"container\" data-e-type=\"container\">\n\t\t\t\t<div class=\"elementor-element elementor-element-163dfac4 elementor-button-align-start elementor-tablet-button-align-center elementor-widget elementor-widget-form\" data-id=\"163dfac4\" data-element_type=\"widget\" data-e-type=\"widget\" data-settings=\"{&quot;step_next_label&quot;:&quot;Next&quot;,&quot;step_previous_label&quot;:&quot;Previous&quot;,&quot;button_width&quot;:&quot;100&quot;,&quot;step_type&quot;:&quot;number_text&quot;,&quot;step_icon_shape&quot;:&quot;circle&quot;}\" data-widget_type=\"form.default\">\n\t\t\t\t<div class=\"elementor-widget-container\">\n\t\t\t\t\t\t\t<form class=\"elementor-form\" method=\"post\" name=\"Contact Form\" aria-label=\"Contact Form\" action=\"\">\n\t\t\t<input type=\"hidden\" name=\"post_id\" value=\"29\"\/>\n\t\t\t<input type=\"hidden\" name=\"form_id\" value=\"163dfac4\"\/>\n\t\t\t<input type=\"hidden\" name=\"referer_title\" value=\"New Products - ENOTOPP\" \/>\n\n\t\t\t\t\t\t\t<input type=\"hidden\" name=\"queried_id\" value=\"29\"\/>\n\t\t\t\n\t\t\t<div class=\"elementor-form-fields-wrapper elementor-labels-\">\n\t\t\t\t\t\t\t\t<div class=\"elementor-field-type-text elementor-field-group elementor-column elementor-field-group-name elementor-col-50 elementor-field-required\">\n\t\t\t\t\t\t\t\t\t\t\t\t<label for=\"form-field-name\" class=\"elementor-field-label elementor-screen-only\">\n\t\t\t\t\t\t\t\tvotre nom\t\t\t\t\t\t\t<\/label>\n\t\t\t\t\t\t\t\t\t\t\t\t\t\t<input size=\"1\" type=\"text\" name=\"form_fields[name]\" id=\"form-field-name\" class=\"elementor-field elementor-size-sm  elementor-field-textual\" placeholder=\"Votre nom*\" required=\"required\">\n\t\t\t\t\t\t\t\t\t\t\t<\/div>\n\t\t\t\t\t\t\t\t<div class=\"elementor-field-type-text elementor-field-group elementor-column elementor-field-group-field_b743cd7 elementor-col-50\">\n\t\t\t\t\t\t\t\t\t\t\t\t<label for=\"form-field-field_b743cd7\" class=\"elementor-field-label elementor-screen-only\">\n\t\t\t\t\t\t\t\tPays\t\t\t\t\t\t\t<\/label>\n\t\t\t\t\t\t\t\t\t\t\t\t\t\t<input size=\"1\" type=\"text\" name=\"form_fields[field_b743cd7]\" id=\"form-field-field_b743cd7\" class=\"elementor-field elementor-size-sm  elementor-field-textual\" placeholder=\"Votre pays\">\n\t\t\t\t\t\t\t\t\t\t\t<\/div>\n\t\t\t\t\t\t\t\t<div class=\"elementor-field-type-email elementor-field-group elementor-column elementor-field-group-email elementor-col-50 elementor-field-required\">\n\t\t\t\t\t\t\t\t\t\t\t\t<label for=\"form-field-email\" class=\"elementor-field-label elementor-screen-only\">\n\t\t\t\t\t\t\t\tE-mail\t\t\t\t\t\t\t<\/label>\n\t\t\t\t\t\t\t\t\t\t\t\t\t\t<input size=\"1\" type=\"email\" name=\"form_fields[email]\" id=\"form-field-email\" class=\"elementor-field elementor-size-sm  elementor-field-textual\" placeholder=\"E-mail*\" required=\"required\">\n\t\t\t\t\t\t\t\t\t\t\t<\/div>\n\t\t\t\t\t\t\t\t<div class=\"elementor-field-type-tel elementor-field-group elementor-column elementor-field-group-field_6c180a9 elementor-col-50\">\n\t\t\t\t\t\t\t\t\t\t\t\t<label for=\"form-field-field_6c180a9\" class=\"elementor-field-label elementor-screen-only\">\n\t\t\t\t\t\t\t\tNum\u00e9ro de t\u00e9l\u00e9phone\t\t\t\t\t\t\t<\/label>\n\t\t\t\t\t\t\t\t<input size=\"1\" type=\"tel\" name=\"form_fields[field_6c180a9]\" id=\"form-field-field_6c180a9\" class=\"elementor-field elementor-size-sm  elementor-field-textual\" placeholder=\"T\u00e9l\u00e9phone\/Whatsapp\/Skype\" pattern=\"[0-9()#&amp;+*-=.]+\" title=\"Only numbers and phone characters (#, -, *, etc) are accepted.\">\n\n\t\t\t\t\t\t<\/div>\n\t\t\t\t\t\t\t\t<div class=\"elementor-field-type-textarea elementor-field-group elementor-column elementor-field-group-message elementor-col-100\">\n\t\t\t\t\t\t\t\t\t\t\t\t<label for=\"form-field-message\" class=\"elementor-field-label elementor-screen-only\">\n\t\t\t\t\t\t\t\tMessage\t\t\t\t\t\t\t<\/label>\n\t\t\t\t\t\t<textarea class=\"elementor-field-textual elementor-field  elementor-size-sm\" name=\"form_fields[message]\" id=\"form-field-message\" rows=\"4\" placeholder=\"Message\"><\/textarea>\t\t\t\t<\/div>\n\t\t\t\t\t\t\t\t<div class=\"elementor-field-group elementor-column elementor-field-type-submit elementor-col-100 e-form__buttons\">\n\t\t\t\t\t<button class=\"elementor-button elementor-size-sm\" type=\"submit\">\n\t\t\t\t\t\t<span class=\"elementor-button-content-wrapper\">\n\t\t\t\t\t\t\t\t\t\t\t\t\t\t\t\t\t\t\t\t\t\t<span class=\"elementor-button-text\">Soumettre<\/span>\n\t\t\t\t\t\t\t\t\t\t\t\t\t<\/span>\n\t\t\t\t\t<\/button>\n\t\t\t\t<\/div>\n\t\t\t<\/div>\n\t\t<input type=\"hidden\" name=\"trp-form-language\" value=\"fr\"\/><\/form>\n\t\t\t\t\t\t<\/div>\n\t\t\t\t<\/div>\n\t\t\t\t<\/div>\n\t\t\t\t\t<\/div>\n\t\t\t\t<\/div>\n\t\t\t\t<\/div>","protected":false},"excerpt":{"rendered":"<p>Nouveaux produits d&#039;ENOTOPP La recherche et le d\u00e9veloppement sont la seule marque d&#039;ENOTOPP. Nous avons plus de 12 ans d&#039;exp\u00e9rience dans la fabrication de machines \u00e0 bois, qui comprennent des machines avec<\/p>","protected":false},"author":1,"featured_media":0,"parent":17,"menu_order":0,"comment_status":"closed","ping_status":"closed","template":"","meta":{"site-sidebar-layout":"no-sidebar","site-content-layout":"page-builder","ast-site-content-layout":"default","site-content-style":"default","site-sidebar-style":"default","ast-global-header-display":"","ast-banner-title-visibility":"","ast-main-header-display":"","ast-hfb-above-header-display":"","ast-hfb-below-header-display":"","ast-hfb-mobile-header-display":"","site-post-title":"disabled","ast-breadcrumbs-content":"","ast-featured-img":"disabled","footer-sml-layout":"","ast-disable-related-posts":"","theme-transparent-header-meta":"","adv-header-id-meta":"","stick-header-meta":"","header-above-stick-meta":"","header-main-stick-meta":"","header-below-stick-meta":"","astra-migrate-meta-layouts":"default","ast-page-background-enabled":"default","ast-page-background-meta":{"desktop":{"background-color":"var(--ast-global-color-4)","background-image":"","background-repeat":"repeat","background-position":"center center","background-size":"auto","background-attachment":"scroll","background-type":"","background-media":"","overlay-type":"","overlay-color":"","overlay-opacity":"","overlay-gradient":""},"tablet":{"background-color":"","background-image":"","background-repeat":"repeat","background-position":"center center","background-size":"auto","background-attachment":"scroll","background-type":"","background-media":"","overlay-type":"","overlay-color":"","overlay-opacity":"","overlay-gradient":""},"mobile":{"background-color":"","background-image":"","background-repeat":"repeat","background-position":"center center","background-size":"auto","background-attachment":"scroll","background-type":"","background-media":"","overlay-type":"","overlay-color":"","overlay-opacity":"","overlay-gradient":""}},"ast-content-background-meta":{"desktop":{"background-color":"var(--ast-global-color-5)","background-image":"","background-repeat":"repeat","background-position":"center center","background-size":"auto","background-attachment":"scroll","background-type":"","background-media":"","overlay-type":"","overlay-color":"","overlay-opacity":"","overlay-gradient":""},"tablet":{"background-color":"var(--ast-global-color-5)","background-image":"","background-repeat":"repeat","background-position":"center center","background-size":"auto","background-attachment":"scroll","background-type":"","background-media":"","overlay-type":"","overlay-color":"","overlay-opacity":"","overlay-gradient":""},"mobile":{"background-color":"var(--ast-global-color-5)","background-image":"","background-repeat":"repeat","background-position":"center center","background-size":"auto","background-attachment":"scroll","background-type":"","background-media":"","overlay-type":"","overlay-color":"","overlay-opacity":"","overlay-gradient":""}},"footnotes":""},"class_list":["post-29","page","type-page","status-publish","hentry"],"yoast_head":"<!-- This site is optimized with the Yoast SEO plugin v27.2 - https:\/\/yoast.com\/product\/yoast-seo-wordpress\/ -->\n<title>New Products - ENOTOPP<\/title>\n<meta name=\"description\" content=\"Enotopp is dedicated in research and development of new woodworking machinery, we have launched new generation panel saws, new line drill machines, newly designed edge banding machines etc.\" \/>\n<meta name=\"robots\" content=\"noindex, follow, max-snippet:-1, max-image-preview:large, max-video-preview:-1\" \/>\n<meta property=\"og:locale\" content=\"fr_FR\" \/>\n<meta property=\"og:type\" content=\"article\" \/>\n<meta property=\"og:title\" content=\"New Products - ENOTOPP\" \/>\n<meta property=\"og:description\" content=\"Enotopp is dedicated in research and development of new woodworking machinery, we have launched new generation panel saws, new line drill machines, newly designed edge banding machines etc.\" \/>\n<meta property=\"og:url\" content=\"https:\/\/www.enotopp.com\/fr\/produit\/nouveaux-produits\/\" \/>\n<meta property=\"og:site_name\" content=\"ENOTOPP\" \/>\n<meta property=\"article:modified_time\" content=\"2023-08-31T14:43:06+00:00\" \/>\n<meta name=\"twitter:card\" content=\"summary_large_image\" \/>\n<meta name=\"twitter:label1\" content=\"Dur\u00e9e de lecture estim\u00e9e\" \/>\n\t<meta name=\"twitter:data1\" content=\"1 minute\" \/>\n<script type=\"application\/ld+json\" class=\"yoast-schema-graph\">{\"@context\":\"https:\/\/schema.org\",\"@graph\":[{\"@type\":\"WebPage\",\"@id\":\"https:\/\/www.enotopp.com\/product\/new-products\/\",\"url\":\"https:\/\/www.enotopp.com\/product\/new-products\/\",\"name\":\"New Products - ENOTOPP\",\"isPartOf\":{\"@id\":\"https:\/\/www.enotopp.com\/#website\"},\"datePublished\":\"2023-08-22T06:20:39+00:00\",\"dateModified\":\"2023-08-31T14:43:06+00:00\",\"description\":\"Enotopp is dedicated in research and development of new woodworking machinery, we have launched new generation panel saws, new line drill machines, newly designed edge banding machines etc.\",\"breadcrumb\":{\"@id\":\"https:\/\/www.enotopp.com\/product\/new-products\/#breadcrumb\"},\"inLanguage\":\"fr-FR\",\"potentialAction\":[{\"@type\":\"ReadAction\",\"target\":[\"https:\/\/www.enotopp.com\/product\/new-products\/\"]}]},{\"@type\":\"BreadcrumbList\",\"@id\":\"https:\/\/www.enotopp.com\/product\/new-products\/#breadcrumb\",\"itemListElement\":[{\"@type\":\"ListItem\",\"position\":1,\"name\":\"Home\",\"item\":\"https:\/\/www.enotopp.com\/\"},{\"@type\":\"ListItem\",\"position\":2,\"name\":\"Product\",\"item\":\"https:\/\/www.enotopp.com\/product\/\"},{\"@type\":\"ListItem\",\"position\":3,\"name\":\"New Products\"}]},{\"@type\":\"WebSite\",\"@id\":\"https:\/\/www.enotopp.com\/#website\",\"url\":\"https:\/\/www.enotopp.com\/\",\"name\":\"ENOTOPP\",\"description\":\"Leading woodworking machinery provider\",\"publisher\":{\"@id\":\"https:\/\/www.enotopp.com\/#organization\"},\"potentialAction\":[{\"@type\":\"SearchAction\",\"target\":{\"@type\":\"EntryPoint\",\"urlTemplate\":\"https:\/\/www.enotopp.com\/?s={search_term_string}\"},\"query-input\":{\"@type\":\"PropertyValueSpecification\",\"valueRequired\":true,\"valueName\":\"search_term_string\"}}],\"inLanguage\":\"fr-FR\"},{\"@type\":\"Organization\",\"@id\":\"https:\/\/www.enotopp.com\/#organization\",\"name\":\"ENOTOPP\",\"url\":\"https:\/\/www.enotopp.com\/\",\"logo\":{\"@type\":\"ImageObject\",\"inLanguage\":\"fr-FR\",\"@id\":\"https:\/\/www.enotopp.com\/#\/schema\/logo\/image\/\",\"url\":\"https:\/\/www.enotopp.com\/wp-content\/uploads\/2023\/08\/logo-1500.png\",\"contentUrl\":\"https:\/\/www.enotopp.com\/wp-content\/uploads\/2023\/08\/logo-1500.png\",\"width\":1500,\"height\":750,\"caption\":\"ENOTOPP\"},\"image\":{\"@id\":\"https:\/\/www.enotopp.com\/#\/schema\/logo\/image\/\"}}]}<\/script>\n<!-- \/ Yoast SEO plugin. -->","yoast_head_json":{"title":"New Products - ENOTOPP","description":"Enotopp is dedicated in research and development of new woodworking machinery, we have launched new generation panel saws, new line drill machines, newly designed edge banding machines etc.","robots":{"index":"noindex","follow":"follow","max-snippet":"max-snippet:-1","max-image-preview":"max-image-preview:large","max-video-preview":"max-video-preview:-1"},"og_locale":"fr_FR","og_type":"article","og_title":"New Products - ENOTOPP","og_description":"Enotopp is dedicated in research and development of new woodworking machinery, we have launched new generation panel saws, new line drill machines, newly designed edge banding machines etc.","og_url":"https:\/\/www.enotopp.com\/fr\/produit\/nouveaux-produits\/","og_site_name":"ENOTOPP","article_modified_time":"2023-08-31T14:43:06+00:00","twitter_card":"summary_large_image","twitter_misc":{"Dur\u00e9e de lecture estim\u00e9e":"1 minute"},"schema":{"@context":"https:\/\/schema.org","@graph":[{"@type":"WebPage","@id":"https:\/\/www.enotopp.com\/product\/new-products\/","url":"https:\/\/www.enotopp.com\/product\/new-products\/","name":"New Products - ENOTOPP","isPartOf":{"@id":"https:\/\/www.enotopp.com\/#website"},"datePublished":"2023-08-22T06:20:39+00:00","dateModified":"2023-08-31T14:43:06+00:00","description":"Enotopp is dedicated in research and development of new woodworking machinery, we have launched new generation panel saws, new line drill machines, newly designed edge banding machines etc.","breadcrumb":{"@id":"https:\/\/www.enotopp.com\/product\/new-products\/#breadcrumb"},"inLanguage":"fr-FR","potentialAction":[{"@type":"ReadAction","target":["https:\/\/www.enotopp.com\/product\/new-products\/"]}]},{"@type":"BreadcrumbList","@id":"https:\/\/www.enotopp.com\/product\/new-products\/#breadcrumb","itemListElement":[{"@type":"ListItem","position":1,"name":"Home","item":"https:\/\/www.enotopp.com\/"},{"@type":"ListItem","position":2,"name":"Product","item":"https:\/\/www.enotopp.com\/product\/"},{"@type":"ListItem","position":3,"name":"New Products"}]},{"@type":"WebSite","@id":"https:\/\/www.enotopp.com\/#website","url":"https:\/\/www.enotopp.com\/","name":"ENOTOPP","description":"Leading woodworking machinery provider","publisher":{"@id":"https:\/\/www.enotopp.com\/#organization"},"potentialAction":[{"@type":"SearchAction","target":{"@type":"EntryPoint","urlTemplate":"https:\/\/www.enotopp.com\/?s={search_term_string}"},"query-input":{"@type":"PropertyValueSpecification","valueRequired":true,"valueName":"search_term_string"}}],"inLanguage":"fr-FR"},{"@type":"Organization","@id":"https:\/\/www.enotopp.com\/#organization","name":"ENOTOPP","url":"https:\/\/www.enotopp.com\/","logo":{"@type":"ImageObject","inLanguage":"fr-FR","@id":"https:\/\/www.enotopp.com\/#\/schema\/logo\/image\/","url":"https:\/\/www.enotopp.com\/wp-content\/uploads\/2023\/08\/logo-1500.png","contentUrl":"https:\/\/www.enotopp.com\/wp-content\/uploads\/2023\/08\/logo-1500.png","width":1500,"height":750,"caption":"ENOTOPP"},"image":{"@id":"https:\/\/www.enotopp.com\/#\/schema\/logo\/image\/"}}]}},"_links":{"self":[{"href":"https:\/\/www.enotopp.com\/fr\/wp-json\/wp\/v2\/pages\/29","targetHints":{"allow":["GET"]}}],"collection":[{"href":"https:\/\/www.enotopp.com\/fr\/wp-json\/wp\/v2\/pages"}],"about":[{"href":"https:\/\/www.enotopp.com\/fr\/wp-json\/wp\/v2\/types\/page"}],"author":[{"embeddable":true,"href":"https:\/\/www.enotopp.com\/fr\/wp-json\/wp\/v2\/users\/1"}],"replies":[{"embeddable":true,"href":"https:\/\/www.enotopp.com\/fr\/wp-json\/wp\/v2\/comments?post=29"}],"version-history":[{"count":16,"href":"https:\/\/www.enotopp.com\/fr\/wp-json\/wp\/v2\/pages\/29\/revisions"}],"predecessor-version":[{"id":1238,"href":"https:\/\/www.enotopp.com\/fr\/wp-json\/wp\/v2\/pages\/29\/revisions\/1238"}],"up":[{"embeddable":true,"href":"https:\/\/www.enotopp.com\/fr\/wp-json\/wp\/v2\/pages\/17"}],"wp:attachment":[{"href":"https:\/\/www.enotopp.com\/fr\/wp-json\/wp\/v2\/media?parent=29"}],"curies":[{"name":"wp","href":"https:\/\/api.w.org\/{rel}","templated":true}]}}