{"id":27,"date":"2023-08-22T06:20:18","date_gmt":"2023-08-22T06:20:18","guid":{"rendered":"https:\/\/www.enotopp.com\/?page_id=27"},"modified":"2023-09-16T05:50:23","modified_gmt":"2023-09-16T05:50:23","slug":"edge-banders","status":"publish","type":"page","link":"https:\/\/www.enotopp.com\/fr\/produit\/plaqueuses-de-chants\/","title":{"rendered":"Plaqueuses de chants"},"content":{"rendered":"<div data-elementor-type=\"wp-page\" data-elementor-id=\"27\" class=\"elementor elementor-27\" data-elementor-post-type=\"page\">\n\t\t\t\t<div class=\"elementor-element elementor-element-7bccec65 e-flex e-con-boxed e-con e-parent\" data-id=\"7bccec65\" data-element_type=\"container\" data-e-type=\"container\" data-settings=\"{&quot;background_background&quot;:&quot;classic&quot;}\">\n\t\t\t\t\t<div class=\"e-con-inner\">\n\t\t\t\t<div class=\"elementor-element elementor-element-18febfdc elementor-widget elementor-widget-heading\" data-id=\"18febfdc\" data-element_type=\"widget\" data-e-type=\"widget\" data-widget_type=\"heading.default\">\n\t\t\t\t<div class=\"elementor-widget-container\">\n\t\t\t\t\t<h2 class=\"elementor-heading-title elementor-size-default\">Machines \u00e0 plaquer les chants d&#039;ENOTOPP<\/h2>\t\t\t\t<\/div>\n\t\t\t\t<\/div>\n\t\t\t\t\t<\/div>\n\t\t\t\t<\/div>\n\t\t<div class=\"elementor-element elementor-element-522aa8e3 e-flex e-con-boxed e-con e-parent\" data-id=\"522aa8e3\" data-element_type=\"container\" data-e-type=\"container\" data-settings=\"{&quot;background_background&quot;:&quot;classic&quot;}\">\n\t\t\t\t\t<div class=\"e-con-inner\">\n\t\t\t\t<div class=\"elementor-element elementor-element-6790cdb8 elementor-widget elementor-widget-heading\" data-id=\"6790cdb8\" data-element_type=\"widget\" data-e-type=\"widget\" data-widget_type=\"heading.default\">\n\t\t\t\t<div class=\"elementor-widget-container\">\n\t\t\t\t\t<h2 class=\"elementor-heading-title elementor-size-default\">Plaqueuses de chants enti\u00e8rement automatiques de qualit\u00e9 allemande d&#039;ENOTOPP<\/h2>\t\t\t\t<\/div>\n\t\t\t\t<\/div>\n\t\t\t\t<div class=\"elementor-element elementor-element-1dbba95b elementor-widget elementor-widget-text-editor\" data-id=\"1dbba95b\" data-element_type=\"widget\" data-e-type=\"widget\" data-widget_type=\"text-editor.default\">\n\t\t\t\t<div class=\"elementor-widget-container\">\n\t\t\t\t\t\t\t\t\t<p>Le placage de chants est le processus ult\u00e9rieur au cours du processus de production de meubles. Parmi la fonction, il existe des plaqueuses de chant qui peuvent bander les bords droits et incurv\u00e9s des panneaux, il existe \u00e9galement des plaqueuses de chant pour le cerclage des bords de panneaux \u00e0 45 degr\u00e9s, des plaqueuses de chant en J, en C et en biseau.<\/p><p>Parmi les machines avanc\u00e9es, il existe des plaqueuses de chants manuelles, des plaqueuses de chants semi-automatiques et des plaqueuses de chants enti\u00e8rement automatiques. Les plaqueuses de chants manuelles et les plaqueuses de chants semi-automatiques peuvent \u00e9galement r\u00e9aliser des bandes de chant droites et courbes pour armoires et sont davantage utilis\u00e9es dans les magasins de meubles de petite taille. Tandis que les plaqueuses de chants enti\u00e8rement automatiques sont plus avanc\u00e9es et sont utilis\u00e9es pour la production par lots.<\/p><p>Les fonctions de la plaqueuse de chants automatique comprennent le pr\u00e9-fraisage, le collage, le cerclage, la coupe d&#039;extr\u00e9mit\u00e9, la coupe grossi\u00e8re et fine, l&#039;arrondi des coins, le grattage, le polissage, etc. Le ruban de chant peut avoir divers mat\u00e9riaux, tels que le PVC, l&#039;ABS, la m\u00e9lamine, et placage de bois. Il peut coller du ruban de chant en PVC de 0,4 \u00e0 3 mm sur du contreplaqu\u00e9, du MDF, du bouleau, du noyer, de l&#039;\u00e9rable et d&#039;autres panneaux en bois dans les meubles en panneaux et la production de meubles sur mesure pour toute la maison.<\/p><p>ENOTOPP propose diff\u00e9rents types de plaqueuses de chants enti\u00e8rement automatiques pour une production massive. Nos plaqueuses de chants sont plus haut de gamme et la qualit\u00e9 peut \u00eatre compar\u00e9e au \u00ab Made in Germany \u00bb. Contactez-nous pour obtenir le dernier devis du prix de la plaqueuse de chants. Vous pouvez \u00e9galement nous envoyer vos \u00e9chantillons de panneaux, nous pourrons alors vous fournir des \u00e9chantillons de panneaux en bandes ENOTOPP pour vos tests.<\/p>\t\t\t\t\t\t\t\t<\/div>\n\t\t\t\t<\/div>\n\t\t\t\t\t<\/div>\n\t\t\t\t<\/div>\n\t\t<div class=\"elementor-element elementor-element-1613b9b0 e-flex e-con-boxed e-con e-parent\" data-id=\"1613b9b0\" data-element_type=\"container\" data-e-type=\"container\">\n\t\t\t\t\t<div class=\"e-con-inner\">\n\t\t\t\t<div class=\"elementor-element elementor-element-376082a1 elementor-widget elementor-widget-spacer\" data-id=\"376082a1\" data-element_type=\"widget\" data-e-type=\"widget\" data-widget_type=\"spacer.default\">\n\t\t\t\t<div class=\"elementor-widget-container\">\n\t\t\t\t\t\t\t<div class=\"elementor-spacer\">\n\t\t\t<div class=\"elementor-spacer-inner\"><\/div>\n\t\t<\/div>\n\t\t\t\t\t\t<\/div>\n\t\t\t\t<\/div>\n\t\t\t\t<div class=\"elementor-element elementor-element-f3e43a2 elementor-widget elementor-widget-heading\" data-id=\"f3e43a2\" data-element_type=\"widget\" data-e-type=\"widget\" data-widget_type=\"heading.default\">\n\t\t\t\t<div class=\"elementor-widget-container\">\n\t\t\t\t\t<h2 class=\"elementor-heading-title elementor-size-default\">Plaqueuses de chants \u00e0 vendre<\/h2>\t\t\t\t<\/div>\n\t\t\t\t<\/div>\n\t\t\t\t<div class=\"elementor-element elementor-element-6f6cadfe elementor-widget elementor-widget-spacer\" data-id=\"6f6cadfe\" data-element_type=\"widget\" data-e-type=\"widget\" data-widget_type=\"spacer.default\">\n\t\t\t\t<div class=\"elementor-widget-container\">\n\t\t\t\t\t\t\t<div class=\"elementor-spacer\">\n\t\t\t<div class=\"elementor-spacer-inner\"><\/div>\n\t\t<\/div>\n\t\t\t\t\t\t<\/div>\n\t\t\t\t<\/div>\n\t\t\t\t\t<\/div>\n\t\t\t\t<\/div>\n\t\t<div class=\"elementor-element elementor-element-403aa17e e-flex e-con-boxed e-con e-parent\" data-id=\"403aa17e\" data-element_type=\"container\" data-e-type=\"container\">\n\t\t\t\t\t<div class=\"e-con-inner\">\n\t\t\t\t\t<\/div>\n\t\t\t\t<\/div>\n\t\t<div class=\"elementor-element elementor-element-5c23f22 e-flex e-con-boxed e-con e-parent\" data-id=\"5c23f22\" data-element_type=\"container\" data-e-type=\"container\">\n\t\t\t\t\t<div class=\"e-con-inner\">\n\t\t\t\t<div class=\"elementor-element elementor-element-688242a elementor-widget elementor-widget-spacer\" data-id=\"688242a\" data-element_type=\"widget\" data-e-type=\"widget\" data-widget_type=\"spacer.default\">\n\t\t\t\t<div class=\"elementor-widget-container\">\n\t\t\t\t\t\t\t<div class=\"elementor-spacer\">\n\t\t\t<div class=\"elementor-spacer-inner\"><\/div>\n\t\t<\/div>\n\t\t\t\t\t\t<\/div>\n\t\t\t\t<\/div>\n\t\t\t\t\t<\/div>\n\t\t\t\t<\/div>\n\t\t<div class=\"elementor-element elementor-element-e5728f0 e-flex e-con-boxed e-con e-parent\" data-id=\"e5728f0\" data-element_type=\"container\" data-e-type=\"container\" data-settings=\"{&quot;background_background&quot;:&quot;classic&quot;}\">\n\t\t\t\t\t<div class=\"e-con-inner\">\n\t\t<div class=\"elementor-element elementor-element-517900a8 e-con-full e-flex e-con e-parent\" data-id=\"517900a8\" data-element_type=\"container\" data-e-type=\"container\" data-settings=\"{&quot;background_background&quot;:&quot;classic&quot;}\">\n\t\t\t\t<div class=\"elementor-element elementor-element-589db918 elementor-widget elementor-widget-heading\" data-id=\"589db918\" data-element_type=\"widget\" data-e-type=\"widget\" data-widget_type=\"heading.default\">\n\t\t\t\t<div class=\"elementor-widget-container\">\n\t\t\t\t\t<h2 class=\"elementor-heading-title elementor-size-default\">Contactez-nous<\/h2>\t\t\t\t<\/div>\n\t\t\t\t<\/div>\n\t\t\t\t<div class=\"elementor-element elementor-element-42447b03 elementor-widget-mobile__width-initial elementor-widget elementor-widget-heading\" data-id=\"42447b03\" data-element_type=\"widget\" data-e-type=\"widget\" data-widget_type=\"heading.default\">\n\t\t\t\t<div class=\"elementor-widget-container\">\n\t\t\t\t\t<p class=\"elementor-heading-title elementor-size-default\">Nous serions ravis de parler avec vous.<br>N&#039;h\u00e9sitez pas \u00e0 nous contacter en utilisant les d\u00e9tails ci-contre.<\/p>\t\t\t\t<\/div>\n\t\t\t\t<\/div>\n\t\t\t\t<\/div>\n\t\t<div class=\"elementor-element elementor-element-2e780cdc e-con-full e-flex e-con e-parent\" data-id=\"2e780cdc\" data-element_type=\"container\" data-e-type=\"container\">\n\t\t\t\t<div class=\"elementor-element elementor-element-2e939bea elementor-button-align-start elementor-tablet-button-align-center elementor-widget elementor-widget-form\" data-id=\"2e939bea\" data-element_type=\"widget\" data-e-type=\"widget\" data-settings=\"{&quot;step_next_label&quot;:&quot;Next&quot;,&quot;step_previous_label&quot;:&quot;Previous&quot;,&quot;button_width&quot;:&quot;100&quot;,&quot;step_type&quot;:&quot;number_text&quot;,&quot;step_icon_shape&quot;:&quot;circle&quot;}\" data-widget_type=\"form.default\">\n\t\t\t\t<div class=\"elementor-widget-container\">\n\t\t\t\t\t\t\t<form class=\"elementor-form\" method=\"post\" name=\"Contact Form\" aria-label=\"Contact Form\" action=\"\">\n\t\t\t<input type=\"hidden\" name=\"post_id\" value=\"27\"\/>\n\t\t\t<input type=\"hidden\" name=\"form_id\" value=\"2e939bea\"\/>\n\t\t\t<input type=\"hidden\" name=\"referer_title\" value=\"Edge Banders - ENOTOPP\" \/>\n\n\t\t\t\t\t\t\t<input type=\"hidden\" name=\"queried_id\" value=\"27\"\/>\n\t\t\t\n\t\t\t<div class=\"elementor-form-fields-wrapper elementor-labels-\">\n\t\t\t\t\t\t\t\t<div class=\"elementor-field-type-text elementor-field-group elementor-column elementor-field-group-name elementor-col-50 elementor-field-required\">\n\t\t\t\t\t\t\t\t\t\t\t\t<label for=\"form-field-name\" class=\"elementor-field-label elementor-screen-only\">\n\t\t\t\t\t\t\t\tvotre nom\t\t\t\t\t\t\t<\/label>\n\t\t\t\t\t\t\t\t\t\t\t\t\t\t<input size=\"1\" type=\"text\" name=\"form_fields[name]\" id=\"form-field-name\" class=\"elementor-field elementor-size-sm  elementor-field-textual\" placeholder=\"Votre nom*\" required=\"required\">\n\t\t\t\t\t\t\t\t\t\t\t<\/div>\n\t\t\t\t\t\t\t\t<div class=\"elementor-field-type-text elementor-field-group elementor-column elementor-field-group-field_b743cd7 elementor-col-50\">\n\t\t\t\t\t\t\t\t\t\t\t\t<label for=\"form-field-field_b743cd7\" class=\"elementor-field-label elementor-screen-only\">\n\t\t\t\t\t\t\t\tPays\t\t\t\t\t\t\t<\/label>\n\t\t\t\t\t\t\t\t\t\t\t\t\t\t<input size=\"1\" type=\"text\" name=\"form_fields[field_b743cd7]\" id=\"form-field-field_b743cd7\" class=\"elementor-field elementor-size-sm  elementor-field-textual\" placeholder=\"Votre pays\">\n\t\t\t\t\t\t\t\t\t\t\t<\/div>\n\t\t\t\t\t\t\t\t<div class=\"elementor-field-type-email elementor-field-group elementor-column elementor-field-group-email elementor-col-50 elementor-field-required\">\n\t\t\t\t\t\t\t\t\t\t\t\t<label for=\"form-field-email\" class=\"elementor-field-label elementor-screen-only\">\n\t\t\t\t\t\t\t\tE-mail\t\t\t\t\t\t\t<\/label>\n\t\t\t\t\t\t\t\t\t\t\t\t\t\t<input size=\"1\" type=\"email\" name=\"form_fields[email]\" id=\"form-field-email\" class=\"elementor-field elementor-size-sm  elementor-field-textual\" placeholder=\"E-mail*\" required=\"required\">\n\t\t\t\t\t\t\t\t\t\t\t<\/div>\n\t\t\t\t\t\t\t\t<div class=\"elementor-field-type-tel elementor-field-group elementor-column elementor-field-group-field_6c180a9 elementor-col-50\">\n\t\t\t\t\t\t\t\t\t\t\t\t<label for=\"form-field-field_6c180a9\" class=\"elementor-field-label elementor-screen-only\">\n\t\t\t\t\t\t\t\tNum\u00e9ro de t\u00e9l\u00e9phone\t\t\t\t\t\t\t<\/label>\n\t\t\t\t\t\t\t\t<input size=\"1\" type=\"tel\" name=\"form_fields[field_6c180a9]\" id=\"form-field-field_6c180a9\" class=\"elementor-field elementor-size-sm  elementor-field-textual\" placeholder=\"T\u00e9l\u00e9phone\/Whatsapp\/Skype\" pattern=\"[0-9()#&amp;+*-=.]+\" title=\"Only numbers and phone characters (#, -, *, etc) are accepted.\">\n\n\t\t\t\t\t\t<\/div>\n\t\t\t\t\t\t\t\t<div class=\"elementor-field-type-textarea elementor-field-group elementor-column elementor-field-group-message elementor-col-100\">\n\t\t\t\t\t\t\t\t\t\t\t\t<label for=\"form-field-message\" class=\"elementor-field-label elementor-screen-only\">\n\t\t\t\t\t\t\t\tMessage\t\t\t\t\t\t\t<\/label>\n\t\t\t\t\t\t<textarea class=\"elementor-field-textual elementor-field  elementor-size-sm\" name=\"form_fields[message]\" id=\"form-field-message\" rows=\"4\" placeholder=\"Message\"><\/textarea>\t\t\t\t<\/div>\n\t\t\t\t\t\t\t\t<div class=\"elementor-field-group elementor-column elementor-field-type-submit elementor-col-100 e-form__buttons\">\n\t\t\t\t\t<button class=\"elementor-button elementor-size-sm\" type=\"submit\">\n\t\t\t\t\t\t<span class=\"elementor-button-content-wrapper\">\n\t\t\t\t\t\t\t\t\t\t\t\t\t\t\t\t\t\t\t\t\t\t<span class=\"elementor-button-text\">Soumettre<\/span>\n\t\t\t\t\t\t\t\t\t\t\t\t\t<\/span>\n\t\t\t\t\t<\/button>\n\t\t\t\t<\/div>\n\t\t\t<\/div>\n\t\t<input type=\"hidden\" name=\"trp-form-language\" value=\"fr\"\/><\/form>\n\t\t\t\t\t\t<\/div>\n\t\t\t\t<\/div>\n\t\t\t\t<\/div>\n\t\t\t\t\t<\/div>\n\t\t\t\t<\/div>\n\t\t\t\t<\/div>","protected":false},"excerpt":{"rendered":"<p>Edge Banding Machnes from ENOTOPP German quality fully automatic straight edge banders from ENOTOPP Edge banding is the subsequent process during the furniture production process. From the function, there are edge banders that can band the straight and curved panel edges, there are also edge banders for banding 45-degree panel edges, J-pull, C-pull, and bevel [&hellip;]<\/p>","protected":false},"author":1,"featured_media":0,"parent":17,"menu_order":0,"comment_status":"closed","ping_status":"closed","template":"","meta":{"site-sidebar-layout":"no-sidebar","site-content-layout":"page-builder","ast-site-content-layout":"default","site-content-style":"default","site-sidebar-style":"default","ast-global-header-display":"","ast-banner-title-visibility":"","ast-main-header-display":"","ast-hfb-above-header-display":"","ast-hfb-below-header-display":"","ast-hfb-mobile-header-display":"","site-post-title":"disabled","ast-breadcrumbs-content":"","ast-featured-img":"disabled","footer-sml-layout":"","ast-disable-related-posts":"","theme-transparent-header-meta":"","adv-header-id-meta":"","stick-header-meta":"","header-above-stick-meta":"","header-main-stick-meta":"","header-below-stick-meta":"","astra-migrate-meta-layouts":"default","ast-page-background-enabled":"default","ast-page-background-meta":{"desktop":{"background-color":"var(--ast-global-color-4)","background-image":"","background-repeat":"repeat","background-position":"center center","background-size":"auto","background-attachment":"scroll","background-type":"","background-media":"","overlay-type":"","overlay-color":"","overlay-opacity":"","overlay-gradient":""},"tablet":{"background-color":"","background-image":"","background-repeat":"repeat","background-position":"center center","background-size":"auto","background-attachment":"scroll","background-type":"","background-media":"","overlay-type":"","overlay-color":"","overlay-opacity":"","overlay-gradient":""},"mobile":{"background-color":"","background-image":"","background-repeat":"repeat","background-position":"center center","background-size":"auto","background-attachment":"scroll","background-type":"","background-media":"","overlay-type":"","overlay-color":"","overlay-opacity":"","overlay-gradient":""}},"ast-content-background-meta":{"desktop":{"background-color":"var(--ast-global-color-5)","background-image":"","background-repeat":"repeat","background-position":"center center","background-size":"auto","background-attachment":"scroll","background-type":"","background-media":"","overlay-type":"","overlay-color":"","overlay-opacity":"","overlay-gradient":""},"tablet":{"background-color":"var(--ast-global-color-5)","background-image":"","background-repeat":"repeat","background-position":"center center","background-size":"auto","background-attachment":"scroll","background-type":"","background-media":"","overlay-type":"","overlay-color":"","overlay-opacity":"","overlay-gradient":""},"mobile":{"background-color":"var(--ast-global-color-5)","background-image":"","background-repeat":"repeat","background-position":"center center","background-size":"auto","background-attachment":"scroll","background-type":"","background-media":"","overlay-type":"","overlay-color":"","overlay-opacity":"","overlay-gradient":""}},"footnotes":""},"class_list":["post-27","page","type-page","status-publish","hentry"],"yoast_head":"<!-- This site is optimized with the Yoast SEO plugin v27.2 - https:\/\/yoast.com\/product\/yoast-seo-wordpress\/ -->\n<title>Edge Banders - ENOTOPP<\/title>\n<meta name=\"description\" content=\"ENOTOPP offers various types of fully automatic edge banding machines for massive production, our edge banders are more in high-end, the quality can be compared with \u201cMade in Germany\u201d\" \/>\n<meta name=\"robots\" content=\"noindex, follow, max-snippet:-1, max-image-preview:large, max-video-preview:-1\" \/>\n<meta property=\"og:locale\" content=\"fr_FR\" \/>\n<meta property=\"og:type\" content=\"article\" \/>\n<meta property=\"og:title\" content=\"Edge Banders - ENOTOPP\" \/>\n<meta property=\"og:description\" content=\"ENOTOPP offers various types of fully automatic edge banding machines for massive production, our edge banders are more in high-end, the quality can be compared with \u201cMade in Germany\u201d\" \/>\n<meta property=\"og:url\" content=\"https:\/\/www.enotopp.com\/fr\/produit\/plaqueuses-de-chants\/\" \/>\n<meta property=\"og:site_name\" content=\"ENOTOPP\" \/>\n<meta property=\"article:modified_time\" content=\"2023-09-16T05:50:23+00:00\" \/>\n<meta name=\"twitter:card\" content=\"summary_large_image\" \/>\n<meta name=\"twitter:label1\" content=\"Dur\u00e9e de lecture estim\u00e9e\" \/>\n\t<meta name=\"twitter:data1\" content=\"2 minutes\" \/>\n<script type=\"application\/ld+json\" class=\"yoast-schema-graph\">{\"@context\":\"https:\/\/schema.org\",\"@graph\":[{\"@type\":\"WebPage\",\"@id\":\"https:\/\/www.enotopp.com\/product\/edge-banders\/\",\"url\":\"https:\/\/www.enotopp.com\/product\/edge-banders\/\",\"name\":\"Edge Banders - ENOTOPP\",\"isPartOf\":{\"@id\":\"https:\/\/www.enotopp.com\/#website\"},\"datePublished\":\"2023-08-22T06:20:18+00:00\",\"dateModified\":\"2023-09-16T05:50:23+00:00\",\"description\":\"ENOTOPP offers various types of fully automatic edge banding machines for massive production, our edge banders are more in high-end, the quality can be compared with \u201cMade in Germany\u201d\",\"breadcrumb\":{\"@id\":\"https:\/\/www.enotopp.com\/product\/edge-banders\/#breadcrumb\"},\"inLanguage\":\"fr-FR\",\"potentialAction\":[{\"@type\":\"ReadAction\",\"target\":[\"https:\/\/www.enotopp.com\/product\/edge-banders\/\"]}]},{\"@type\":\"BreadcrumbList\",\"@id\":\"https:\/\/www.enotopp.com\/product\/edge-banders\/#breadcrumb\",\"itemListElement\":[{\"@type\":\"ListItem\",\"position\":1,\"name\":\"Home\",\"item\":\"https:\/\/www.enotopp.com\/\"},{\"@type\":\"ListItem\",\"position\":2,\"name\":\"Product\",\"item\":\"https:\/\/www.enotopp.com\/product\/\"},{\"@type\":\"ListItem\",\"position\":3,\"name\":\"Edge Banders\"}]},{\"@type\":\"WebSite\",\"@id\":\"https:\/\/www.enotopp.com\/#website\",\"url\":\"https:\/\/www.enotopp.com\/\",\"name\":\"ENOTOPP\",\"description\":\"Leading woodworking machinery provider\",\"publisher\":{\"@id\":\"https:\/\/www.enotopp.com\/#organization\"},\"potentialAction\":[{\"@type\":\"SearchAction\",\"target\":{\"@type\":\"EntryPoint\",\"urlTemplate\":\"https:\/\/www.enotopp.com\/?s={search_term_string}\"},\"query-input\":{\"@type\":\"PropertyValueSpecification\",\"valueRequired\":true,\"valueName\":\"search_term_string\"}}],\"inLanguage\":\"fr-FR\"},{\"@type\":\"Organization\",\"@id\":\"https:\/\/www.enotopp.com\/#organization\",\"name\":\"ENOTOPP\",\"url\":\"https:\/\/www.enotopp.com\/\",\"logo\":{\"@type\":\"ImageObject\",\"inLanguage\":\"fr-FR\",\"@id\":\"https:\/\/www.enotopp.com\/#\/schema\/logo\/image\/\",\"url\":\"https:\/\/www.enotopp.com\/wp-content\/uploads\/2023\/08\/logo-1500.png\",\"contentUrl\":\"https:\/\/www.enotopp.com\/wp-content\/uploads\/2023\/08\/logo-1500.png\",\"width\":1500,\"height\":750,\"caption\":\"ENOTOPP\"},\"image\":{\"@id\":\"https:\/\/www.enotopp.com\/#\/schema\/logo\/image\/\"}}]}<\/script>\n<!-- \/ Yoast SEO plugin. -->","yoast_head_json":{"title":"Edge Banders - ENOTOPP","description":"ENOTOPP offers various types of fully automatic edge banding machines for massive production, our edge banders are more in high-end, the quality can be compared with \u201cMade in Germany\u201d","robots":{"index":"noindex","follow":"follow","max-snippet":"max-snippet:-1","max-image-preview":"max-image-preview:large","max-video-preview":"max-video-preview:-1"},"og_locale":"fr_FR","og_type":"article","og_title":"Edge Banders - ENOTOPP","og_description":"ENOTOPP offers various types of fully automatic edge banding machines for massive production, our edge banders are more in high-end, the quality can be compared with \u201cMade in Germany\u201d","og_url":"https:\/\/www.enotopp.com\/fr\/produit\/plaqueuses-de-chants\/","og_site_name":"ENOTOPP","article_modified_time":"2023-09-16T05:50:23+00:00","twitter_card":"summary_large_image","twitter_misc":{"Dur\u00e9e de lecture estim\u00e9e":"2 minutes"},"schema":{"@context":"https:\/\/schema.org","@graph":[{"@type":"WebPage","@id":"https:\/\/www.enotopp.com\/product\/edge-banders\/","url":"https:\/\/www.enotopp.com\/product\/edge-banders\/","name":"Edge Banders - ENOTOPP","isPartOf":{"@id":"https:\/\/www.enotopp.com\/#website"},"datePublished":"2023-08-22T06:20:18+00:00","dateModified":"2023-09-16T05:50:23+00:00","description":"ENOTOPP offers various types of fully automatic edge banding machines for massive production, our edge banders are more in high-end, the quality can be compared with \u201cMade in Germany\u201d","breadcrumb":{"@id":"https:\/\/www.enotopp.com\/product\/edge-banders\/#breadcrumb"},"inLanguage":"fr-FR","potentialAction":[{"@type":"ReadAction","target":["https:\/\/www.enotopp.com\/product\/edge-banders\/"]}]},{"@type":"BreadcrumbList","@id":"https:\/\/www.enotopp.com\/product\/edge-banders\/#breadcrumb","itemListElement":[{"@type":"ListItem","position":1,"name":"Home","item":"https:\/\/www.enotopp.com\/"},{"@type":"ListItem","position":2,"name":"Product","item":"https:\/\/www.enotopp.com\/product\/"},{"@type":"ListItem","position":3,"name":"Edge Banders"}]},{"@type":"WebSite","@id":"https:\/\/www.enotopp.com\/#website","url":"https:\/\/www.enotopp.com\/","name":"ENOTOPP","description":"Leading woodworking machinery provider","publisher":{"@id":"https:\/\/www.enotopp.com\/#organization"},"potentialAction":[{"@type":"SearchAction","target":{"@type":"EntryPoint","urlTemplate":"https:\/\/www.enotopp.com\/?s={search_term_string}"},"query-input":{"@type":"PropertyValueSpecification","valueRequired":true,"valueName":"search_term_string"}}],"inLanguage":"fr-FR"},{"@type":"Organization","@id":"https:\/\/www.enotopp.com\/#organization","name":"ENOTOPP","url":"https:\/\/www.enotopp.com\/","logo":{"@type":"ImageObject","inLanguage":"fr-FR","@id":"https:\/\/www.enotopp.com\/#\/schema\/logo\/image\/","url":"https:\/\/www.enotopp.com\/wp-content\/uploads\/2023\/08\/logo-1500.png","contentUrl":"https:\/\/www.enotopp.com\/wp-content\/uploads\/2023\/08\/logo-1500.png","width":1500,"height":750,"caption":"ENOTOPP"},"image":{"@id":"https:\/\/www.enotopp.com\/#\/schema\/logo\/image\/"}}]}},"_links":{"self":[{"href":"https:\/\/www.enotopp.com\/fr\/wp-json\/wp\/v2\/pages\/27","targetHints":{"allow":["GET"]}}],"collection":[{"href":"https:\/\/www.enotopp.com\/fr\/wp-json\/wp\/v2\/pages"}],"about":[{"href":"https:\/\/www.enotopp.com\/fr\/wp-json\/wp\/v2\/types\/page"}],"author":[{"embeddable":true,"href":"https:\/\/www.enotopp.com\/fr\/wp-json\/wp\/v2\/users\/1"}],"replies":[{"embeddable":true,"href":"https:\/\/www.enotopp.com\/fr\/wp-json\/wp\/v2\/comments?post=27"}],"version-history":[{"count":14,"href":"https:\/\/www.enotopp.com\/fr\/wp-json\/wp\/v2\/pages\/27\/revisions"}],"predecessor-version":[{"id":1319,"href":"https:\/\/www.enotopp.com\/fr\/wp-json\/wp\/v2\/pages\/27\/revisions\/1319"}],"up":[{"embeddable":true,"href":"https:\/\/www.enotopp.com\/fr\/wp-json\/wp\/v2\/pages\/17"}],"wp:attachment":[{"href":"https:\/\/www.enotopp.com\/fr\/wp-json\/wp\/v2\/media?parent=27"}],"curies":[{"name":"wp","href":"https:\/\/api.w.org\/{rel}","templated":true}]}}